{"id":25898,"date":"2023-08-09T21:42:41","date_gmt":"2023-08-09T19:42:41","guid":{"rendered":"https:\/\/www.konspo.eu\/fr\/?page_id=25898"},"modified":"2023-08-09T21:42:41","modified_gmt":"2023-08-09T19:42:41","slug":"koemmerling-prostratotec","status":"publish","type":"page","link":"https:\/\/konspo.eu\/fr\/offre\/les-fenetres\/koemmerling-prostratotec\/","title":{"rendered":"K\u00f6mmerling ProStratoTec"},"content":{"rendered":"<p><div class=\"et_d4_element et_pb_section et_pb_section_0  et_pb_css_mix_blend_mode et_section_regular et_block_section\" >\n\t\t\t\t\n\t\t\t\t\n\t\t\t\t\n\t\t\t\t\n\t\t\t\t\n\t\t\t\t\n\t\t\t\t<div class=\"et_d4_element et_pb_row et_pb_row_0 et_pb_gutters1  et_pb_css_mix_blend_mode et_block_row\">\n\t\t\t\t<div class=\"et_d4_element et_pb_column_1_2 et_pb_column et_pb_column_0  et_pb_css_mix_blend_mode et_block_column\">\n\t\t\t\t\n\t\t\t\t\n\t\t\t\t\n\t\t\t\t\n\t\t\t\t<div class=\"et_pb_module et_d4_element et_pb_text et_pb_text_0 product-title  et_pb_text_align_left et_pb_bg_layout_light\">\n\t\t\t\t\n\t\t\t\t\n\t\t\t\t\n\t\t\t\t\n\t\t\t\t<div class=\"et_pb_text_inner\"><h1>K\u00f6mmerling ProStratoTec<\/h1><\/div>\n\t\t\t<\/div><div class=\"et_pb_module et_d4_element et_pb_accordion et_pb_accordion_0\">\n\t\t\t\t\n\t\t\t\t\n\t\t\t\t\n\t\t\t\t\n\t\t\t\t <div class=\"et_pb_toggle et_pb_module et_d4_element et_pb_accordion_item et_pb_accordion_item_0  et_pb_toggle_open\">\n\t\t\t\t\n\t\t\t\t\n\t\t\t\t\n\t\t\t\t\n\t\t\t\t<h5 class=\"et_pb_toggle_title\">CARACT\u00c9RISTIQUES<\/h5>\n\t\t\t\t<div class=\"et_pb_toggle_content clearfix\"><p>Dans le souci de l'\u00e9cologie, les entreprises Profine et Basf ont d\u00e9velopp\u00e9 une technologie innovante pour la production de profils de fen\u00eatres d\u00e9di\u00e9s \u00e0 la construction passive. Gr\u00e2ce au remplacement de l'acier traditionnel par un mat\u00e9riau \u00e0 haute teneur en fibre de verre &lt; ultradur&gt;, la fen\u00eatre fabriqu\u00e9e dans la technologie ProStratoTec r\u00e9pond \u00e0 toutes les exigences pour les maisons passives. Tout cela avec la garantie d\u2019une excellente isolation thermique rend les fen\u00eatres ProStratoTec conforment aux normes du Dr. Feist Passive House Institute ( PHI).<\/p><\/div>\n\t\t\t<\/div><div class=\"et_pb_toggle et_pb_module et_d4_element et_pb_accordion_item et_pb_accordion_item_1  et_pb_toggle_close\">\n\t\t\t\t\n\t\t\t\t\n\t\t\t\t\n\t\t\t\t\n\t\t\t\t<h5 class=\"et_pb_toggle_title\">PARAM\u00c8TRES<\/h5>\n\t\t\t\t<div class=\"et_pb_toggle_content clearfix\"><ul>\n<li>Excellents param\u00e8tres d'isolation thermique ; r\u00e9duction de co\u00fbts d'exploitation.<\/li>\n<li>Poids de fen\u00eatre inf\u00e9rieur de 25 % par rapport aux profils renforc\u00e9s en acier<\/li>\n<li>Variante 88 MD d\u00e9di\u00e9 \u00e0 la construction passive (en option un joint suppl\u00e9mentaire dans le vantail)<\/li>\n<li>Coefficient Uw peut atteindre une valeur de 0,64 W\/m\u00b2K (En utilisant un triple vitrage de 48mm Ug=0,5).<\/li>\n<li>R\u00e9sistance structurelle accrue gr\u00e2ce au processus de tri-extrusion<\/li>\n<li>Stabilit\u00e9 \u00e9lev\u00e9e du profil et aucun effet de retrait sous l\u2019influence des changements de temp\u00e9rature dus au remplacement de l\u2019acier par le mat\u00e9riau ULTRADUR<\/li>\n<li>Les profils peuvent \u00eatre enti\u00e8rement recycl\u00e9s<\/li>\n<li>Large gamme de couleurs\n<p>- Dimensions maximales des vantaux sans renforts et avec le verre coll\u00e9 :<\/p>\n<p>Couleur blanche jusqu'\u00e0 1,00 x 2,20m et 1,30 x 1,70m<\/p>\n<p>D\u00e9cors jusqu'\u00e0 1,00 x 1,80m<\/p>\n<p>\u00c0 condition que le poids n'exc\u00e8de pas 70 kg<\/p>\n<p>- Pour les vantaux de H 1,70m \u00e0 2,50m avec vitrage coll\u00e9, l'utilisation de l'acier n'est pas n\u00e9cessaire<\/li>\n<\/ul><\/div>\n\t\t\t<\/div> \n\t\t\t<\/div>\n\t\t\t<\/div><div class=\"et_d4_element et_pb_column_1_2 et_pb_column et_pb_column_1  et_pb_css_mix_blend_mode et-last-child et_block_column\">\n\t\t\t\t\n\t\t\t\t\n\t\t\t\t\n\t\t\t\t\n\t\t\t\t<div class=\"et_pb_with_border et_pb_module et_d4_element et_pb_image et_pb_image_0\">\n\t\t\t\t\n\t\t\t\t\n\t\t\t\t\n\t\t\t\t\n\t\t\t\t<a href=\"https:\/\/www.konspo.eu\/wp-content\/uploads\/2023\/08\/System-88-MD-proStratoTec-weiss-scaled.jpg\" class=\"et_pb_lightbox_image\" title=\"\"><span class=\"et_pb_image_wrap \"><img loading=\"lazy\" decoding=\"async\" width=\"2605\" height=\"2880\" src=\"https:\/\/www.konspo.eu\/wp-content\/uploads\/2023\/08\/System-88-MD-proStratoTec-weiss-scaled.jpg\" alt=\"\" title=\"\" srcset=\"https:\/\/konspo.eu\/wp-content\/uploads\/2023\/08\/System-88-MD-proStratoTec-weiss-scaled.jpg 2605w, https:\/\/konspo.eu\/wp-content\/uploads\/2023\/08\/System-88-MD-proStratoTec-weiss-271x300.jpg 271w, https:\/\/konspo.eu\/wp-content\/uploads\/2023\/08\/System-88-MD-proStratoTec-weiss-926x1024.jpg 926w, https:\/\/konspo.eu\/wp-content\/uploads\/2023\/08\/System-88-MD-proStratoTec-weiss-768x849.jpg 768w, https:\/\/konspo.eu\/wp-content\/uploads\/2023\/08\/System-88-MD-proStratoTec-weiss-1389x1536.jpg 1389w, https:\/\/konspo.eu\/wp-content\/uploads\/2023\/08\/System-88-MD-proStratoTec-weiss-1852x2048.jpg 1852w, https:\/\/konspo.eu\/wp-content\/uploads\/2023\/08\/System-88-MD-proStratoTec-weiss-1080x1194.jpg 1080w\" sizes=\"(max-width: 2605px) 100vw, 2605px\" class=\"wp-image-25744\"><\/span><\/a>\n\t\t\t<\/div>\n\t\t\t<\/div>\n\t\t\t\t\n\t\t\t\t\n\t\t\t\t\n\t\t\t\t\n\t\t\t<\/div>\n\t\t\t\t\n\t\t\t\t\n\t\t\t<\/div><div class=\"et_d4_element et_pb_section et_pb_section_1  et_pb_css_mix_blend_mode et_section_regular et_block_section\" >\n\t\t\t\t\n\t\t\t\t\n\t\t\t\t\n\t\t\t\t\n\t\t\t\t\n\t\t\t\t\n\t\t\t\t<div class=\"et_d4_element et_pb_row et_pb_row_1  et_pb_css_mix_blend_mode et_block_row et_pb_row_empty\">\n\t\t\t\t\n\t\t\t\t\n\t\t\t\t\n\t\t\t\t\n\t\t\t\t\n\t\t\t<\/div>\n\t\t\t\t\n\t\t\t\t\n\t\t\t<\/div><\/p>\n","protected":false},"excerpt":{"rendered":"","protected":false},"author":1,"featured_media":0,"parent":1680,"menu_order":0,"comment_status":"closed","ping_status":"closed","template":"","meta":{"_et_pb_use_builder":"on","_et_pb_old_content":"<p>[et_pb_section bb_built=\"1\" _builder_version=\"3.0.89\" custom_css_main_element=\"height: 100vh;\"][et_pb_row _builder_version=\"3.0.89\" use_custom_gutter=\"on\" gutter_width=\"1\" bg_img_2=\"http:\/\/www.konspo.eu\/wp-content\/uploads\/2018\/03\/yellow-1.jpg\" background_position_2=\"top_left\" background_repeat_2=\"no-repeat\" background_size_2=\"initial\" use_custom_width=\"on\" width_unit=\"off\" custom_width_percent=\"90%\" custom_css_main_2=\"width: 45% !important;\"][et_pb_column type=\"1_2\"][et_pb_text _builder_version=\"3.0.89\" background_layout=\"light\" module_class=\"product-title\" header_font_size_phone=\"24px\" header_font_size_last_edited=\"on|desktop\" header_text_color=\"#033970\" custom_margin=\"||30px|\" custom_margin_phone=\"||10px|\" custom_margin_last_edited=\"on|desktop\"]<\/p><h1>K\u00f6mmerling ProStratoTec<\/h1><p>[\/et_pb_text][et_pb_accordion _builder_version=\"3.0.89\" icon_color=\"#004a72\" toggle_font_size=\"18\" border_width_all=\"0px\" custom_margin=\"|30px|30px|\"] [et_pb_accordion_item _builder_version=\"3.0.89\" title=\"CHARAKTERYSTYKA\" use_background_color_gradient=\"off\" background_color_gradient_start=\"#2b87da\" background_color_gradient_end=\"#29c4a9\" background_color_gradient_type=\"linear\" background_color_gradient_direction=\"180deg\" background_color_gradient_direction_radial=\"center\" background_color_gradient_start_position=\"0%\" background_color_gradient_end_position=\"100%\" background_color_gradient_overlays_image=\"off\" parallax=\"off\" parallax_method=\"on\" background_size=\"cover\" background_position=\"center\" background_repeat=\"no-repeat\" background_blend=\"normal\" allow_player_pause=\"off\"]<\/p><p>W trosce o ekologi\u0119, firmy Profine i Basf stworzy\u0142y innowacyjn\u0105 technologi\u0119 produkcji profili okiennych dedykowanych dla budownictwa pasywnego. Dzi\u0119ki zast\u0105pieniu stali materia\u0142em ULTRADUR o wysokiej zawarto\u015bci w\u0142\u00f3kna szklanego, okno wykonane w technologii ProStratoTec spe\u0142nia wszelkie wymogi konstrukcyjne, jego wytrzyma\u0142o\u015b\u0107, odporno\u015b\u0107 na zginanie i skr\u0119canie zosta\u0142y znacznie zwi\u0119kszone, a jednocze\u015bnie jest ono przyjazne dla \u015brodowiska. To wszystko wraz z gwarancj\u0105 doskona\u0142ej izolacji termicznej okien ProStratoTec sprawia, \u017ce s\u0105 one zgodnie z norm\u0105 Instytutu Dom\u00f3w Pasywnych Dr Feista, co dla uch u\u017cytkownik\u00f3w oznacza znacznie ni\u017csze koszty eksploatacji ni\u017c przy wyborze klasycznych okien.<\/p><p>[\/et_pb_accordion_item][et_pb_accordion_item _builder_version=\"3.0.89\" title=\"PARAMETRY\" use_background_color_gradient=\"off\" background_color_gradient_start=\"#2b87da\" background_color_gradient_end=\"#29c4a9\" background_color_gradient_type=\"linear\" background_color_gradient_direction=\"180deg\" background_color_gradient_direction_radial=\"center\" background_color_gradient_start_position=\"0%\" background_color_gradient_end_position=\"100%\" background_color_gradient_overlays_image=\"off\" parallax=\"off\" parallax_method=\"on\" background_size=\"cover\" background_position=\"center\" background_repeat=\"no-repeat\" background_blend=\"normal\" allow_player_pause=\"off\"]<\/p><ul><li>doskona\u0142e warto\u015bci termoizolacyjne<\/li><li>waga ni\u017csza o 25% od profili wzmacnianych stal\u0105<\/li><li>profile podlegaj\u0105 pe\u0142nemu recyklingowi<\/li><li>mo\u017cliwo\u015b\u0107 u\u017cycia dodatkowej uszczelki w skrzydle<\/li><li>wariant 88 z uszczelk\u0105 \u015brodkow\u0105 dedykowany do budownictwa pasywnego<\/li><li>szeroki wachlarz kolor\u00f3w<\/li><li>przy zastosowaniu szklenia 48mm Ug=0,5 wsp\u00f3\u0142czynnik U okna osi\u0105ga warto\u015b\u0107 mo\u017ce wynie\u015b\u0107 nawet 0,64 W\/m\u00b2K<\/li><li>zwi\u0119kszona wytrzyma\u0142o\u015b\u0107 konstrukcji dzi\u0119ki procesowi tri- ekstruzji<\/li><li>wysoka stabilno\u015b\u0107 i brak efektu kurczenia pod wp\u0142ywem zmian temperatur dzi\u0119ki zast\u0105pieniu stali materia\u0142em ULTRADUR<\/li><li>maksymalne wymiary skrzyde\u0142 bez wzmocnie\u0144 i wklejania szk\u0142a: kolor bia\u0142y do 1,00 x 2,20m i 1,30 x 1,70m, dekory do 1,00 x 1,80m przy wadze nie przekraczaj\u0105cej 70kg<\/li><li>w skrzyd\u0142ach o wysoko\u015bci 1,70m do 2,50m z wklejeniem szyby dozwolone jest niestosowanie stali<\/li><\/ul><p>[\/et_pb_accordion_item] [\/et_pb_accordion][\/et_pb_column][et_pb_column type=\"1_2\"][et_pb_image _builder_version=\"3.0.89\" src=\"https:\/\/www.konspo.eu\/wp-content\/uploads\/2023\/08\/System-88-MD-proStratoTec-weiss-scaled.jpg\" show_in_lightbox=\"on\" url_new_window=\"off\" use_overlay=\"off\" always_center_on_mobile=\"on\" force_fullwidth=\"off\" show_bottom_space=\"on\" border_width_all=\"1px\" border_color_all=\"#002959\" custom_margin=\"30px|||30px\" \/][\/et_pb_column][\/et_pb_row][\/et_pb_section][et_pb_section bb_built=\"1\"][et_pb_row][\/et_pb_row][\/et_pb_section]<\/p>","_et_gb_content_width":"","footnotes":""},"class_list":["post-25898","page","type-page","status-publish","hentry"],"_links":{"self":[{"href":"https:\/\/konspo.eu\/fr\/wp-json\/wp\/v2\/pages\/25898","targetHints":{"allow":["GET"]}}],"collection":[{"href":"https:\/\/konspo.eu\/fr\/wp-json\/wp\/v2\/pages"}],"about":[{"href":"https:\/\/konspo.eu\/fr\/wp-json\/wp\/v2\/types\/page"}],"author":[{"embeddable":true,"href":"https:\/\/konspo.eu\/fr\/wp-json\/wp\/v2\/users\/1"}],"replies":[{"embeddable":true,"href":"https:\/\/konspo.eu\/fr\/wp-json\/wp\/v2\/comments?post=25898"}],"version-history":[{"count":0,"href":"https:\/\/konspo.eu\/fr\/wp-json\/wp\/v2\/pages\/25898\/revisions"}],"up":[{"embeddable":true,"href":"https:\/\/konspo.eu\/fr\/wp-json\/wp\/v2\/pages\/1680"}],"wp:attachment":[{"href":"https:\/\/konspo.eu\/fr\/wp-json\/wp\/v2\/media?parent=25898"}],"curies":[{"name":"wp","href":"https:\/\/api.w.org\/{rel}","templated":true}]}}